{"id":19272,"date":"2024-10-08T14:26:15","date_gmt":"2024-10-08T12:26:15","guid":{"rendered":"https:\/\/kittenberger.immigrationlaw.at\/?page_id=19272"},"modified":"2024-11-05T23:01:45","modified_gmt":"2024-11-05T22:01:45","slug":"impressum","status":"publish","type":"page","link":"https:\/\/kittenberger.immigrationlaw.at\/en\/impressum\/","title":{"rendered":"Impressum"},"content":{"rendered":"\t\t<div data-elementor-type=\"wp-page\" data-elementor-id=\"19272\" class=\"elementor elementor-19272 elementor-18916\">\n\t\t\t\t<div class=\"elementor-element elementor-element-c7a5e4a e-flex e-con-boxed parallax_section_no qode_elementor_container_no e-con e-parent\" data-id=\"c7a5e4a\" data-element_type=\"container\" data-e-type=\"container\">\n\t\t\t\t\t<div class=\"e-con-inner\">\n\t\t\t\t<div class=\"elementor-element elementor-element-a20f1ce elementor-widget elementor-widget-button\" data-id=\"a20f1ce\" data-element_type=\"widget\" data-e-type=\"widget\" data-widget_type=\"button.default\">\n\t\t\t\t<div class=\"elementor-widget-container\">\n\t\t\t\t\t\t\t\t\t<div class=\"elementor-button-wrapper\">\n\t\t\t\t\t<a class=\"elementor-button elementor-button-link elementor-size-sm\" href=\"https:\/\/kittenberger.immigrationlaw.at\/\" target=\"_blank\">\n\t\t\t\t\t\t<span class=\"elementor-button-content-wrapper\">\n\t\t\t\t\t\t<span class=\"elementor-button-icon\">\n\t\t\t\t<svg aria-hidden=\"true\" class=\"e-font-icon-svg e-far-arrow-alt-circle-left\" viewBox=\"0 0 512 512\" xmlns=\"http:\/\/www.w3.org\/2000\/svg\"><path d=\"M8 256c0 137 111 248 248 248s248-111 248-248S393 8 256 8 8 119 8 256zm448 0c0 110.5-89.5 200-200 200S56 366.5 56 256 145.5 56 256 56s200 89.5 200 200zm-72-20v40c0 6.6-5.4 12-12 12H256v67c0 10.7-12.9 16-20.5 8.5l-99-99c-4.7-4.7-4.7-12.3 0-17l99-99c7.6-7.6 20.5-2.2 20.5 8.5v67h116c6.6 0 12 5.4 12 12z\"><\/path><\/svg>\t\t\t<\/span>\n\t\t\t\t\t\t\t\t\t<span class=\"elementor-button-text\">Zur\u00fcck zur Startseite<\/span>\n\t\t\t\t\t<\/span>\n\t\t\t\t\t<\/a>\n\t\t\t\t<\/div>\n\t\t\t\t\t\t\t\t<\/div>\n\t\t\t\t<\/div>\n\t\t\t\t<div class=\"elementor-element elementor-element-a12bd98 elementor-widget elementor-widget-heading\" data-id=\"a12bd98\" data-element_type=\"widget\" data-e-type=\"widget\" data-widget_type=\"heading.default\">\n\t\t\t\t<div class=\"elementor-widget-container\">\n\t\t\t\t\t<h2 class=\"elementor-heading-title elementor-size-default\">Impressum<\/h2>\t\t\t\t<\/div>\n\t\t\t\t<\/div>\n\t\t\t\t<div class=\"elementor-element elementor-element-334f168 elementor-widget elementor-widget-text-editor\" data-id=\"334f168\" data-element_type=\"widget\" data-e-type=\"widget\" data-widget_type=\"text-editor.default\">\n\t\t\t\t<div class=\"elementor-widget-container\">\n\t\t\t\t\t\t\t\t\t<p><strong>Medieninhaber und Betreiber: <\/strong>Dr. Norbert Kittenberger, BA<sup><br><\/sup><\/p>\n<p><strong>Sitz:&nbsp;<\/strong>Opernring 7\/18,&nbsp;1010 Wien,&nbsp;T: +43 1 581 35 39,&nbsp; <a href=\"mailto:kittenberger@immigrationlaw.at\">kittenberger@immigrationlaw.at<\/a><\/p>\n<p><strong>Bankverbindung: <\/strong>IBAN: AT21 3200 0000 1439 1692, BIC:&nbsp;RLNWATWW<\/p>\n<p><strong>Fremdgeldkonto:<\/strong> IBAN: AT73 3200 0000 1439 1726, BIC: RLNWATWW<\/p>\n<p><strong>Umsatzsteuer-Identifikationsnummer:<\/strong> Dr. Norbert Kittenberger, BA &#8211; UID-Nr: ATU81191568<\/p>\n<p><strong>Berufsbezeichnung:&nbsp;<\/strong>Rechtsanwalt<\/p>\n<p><strong>Mitgliedstaat, in dem die Berufsbezeichnung verliehen worden ist:&nbsp;<\/strong>\u00d6sterreich<\/p>\n<p><strong>RA-Code:<\/strong> R137616<\/p>\n<p><strong>Zust\u00e4ndige Aufsichtsbeh\u00f6rde\/Kammer:&nbsp;<\/strong><a href=\"http:\/\/rakwien.at\" target=\"_blank\" rel=\"noopener\">Rechtsanwaltskammer Wien<\/a>,&nbsp;Rotenturmstra\u00dfe 13,&nbsp;1010 Wien<\/p>\n<p><strong>Berufsrechtliche Vorschriften:&nbsp;<\/strong>Rechtsanwaltsordnung (RAO), Disziplinarstatut f\u00fcr Rechtsanw\u00e4lte und Rechtsanwaltsanw\u00e4rter (DSt), Richtlinien f\u00fcr die Aus\u00fcbung des Rechtsanwaltsberufes (RL-BA), Rechtsanwaltstarifgesetz, Allgemeine Honorarkriterien<\/p>\n<p><strong>Zugang zu diesen Vorschriften:&nbsp;<\/strong>n\u00e4here Informationen zu den berufsrechtlichen Vorschriften, denen \u00f6sterreichische Rechtsanw\u00e4lt*innen unterliegen und zum Standesrecht sind auf der <a href=\"http:\/\/www.oerak.at\" target=\"_blank\" rel=\"noopener\">Website des \u00d6sterreichischen Rechtsanwaltskammertages<\/a>, der Website der Rechtsanwaltskammer Wien sowie im Rechtsinformationssystem des Bundes zu finden.<\/p>\n<p><strong>Unternehmensgegenstand der Medieninhaber und Betreiber:<\/strong> Anwaltliche Beratung und Vertretung<\/p>\n<p><strong>Grundlegende Richtung:<\/strong>&nbsp;Darstellung des Unternehmensgegenstandes; Information \u00fcber&nbsp;Dr. Norbert Kittenberger, BA,&nbsp;und seine T\u00e4tigkeit als Rechtsanwalt; Hinweise auf Spezialisierungen, Vortragst\u00e4tigkeit, Publikationen und Kooperationen; F\u00f6rderung des Grund- und Menschenrechtsschutzes, insbesondere im Fremden- und Asylrecht.<\/p>\t\t\t\t\t\t\t\t<\/div>\n\t\t\t\t<\/div>\n\t\t\t\t\t<\/div>\n\t\t\t\t<\/div>\n\t\t\t\t<\/div>\n\t\t","protected":false},"excerpt":{"rendered":"<p>Zur\u00fcck zur Startseite Impressum Medieninhaber und Betreiber: Dr. Norbert Kittenberger, BA Sitz:&nbsp;Opernring 7\/18,&nbsp;1010 Wien,&nbsp;T: +43 1 581 35 39,&nbsp; kittenberger@immigrationlaw.at Bankverbindung: IBAN: AT21 3200 0000 1439 1692, BIC:&nbsp;RLNWATWW Fremdgeldkonto: IBAN: AT73 3200 0000 1439 1726, BIC: RLNWATWW Umsatzsteuer-Identifikationsnummer: Dr. Norbert Kittenberger, BA &#8211; UID-Nr: ATU81191568&#8230;<\/p>\n","protected":false},"author":1,"featured_media":0,"parent":0,"menu_order":0,"comment_status":"closed","ping_status":"closed","template":"landing_page.php","meta":{"inline_featured_image":false,"footnotes":""},"class_list":["post-19272","page","type-page","status-publish","hentry"],"_links":{"self":[{"href":"https:\/\/kittenberger.immigrationlaw.at\/en\/wp-json\/wp\/v2\/pages\/19272","targetHints":{"allow":["GET"]}}],"collection":[{"href":"https:\/\/kittenberger.immigrationlaw.at\/en\/wp-json\/wp\/v2\/pages"}],"about":[{"href":"https:\/\/kittenberger.immigrationlaw.at\/en\/wp-json\/wp\/v2\/types\/page"}],"author":[{"embeddable":true,"href":"https:\/\/kittenberger.immigrationlaw.at\/en\/wp-json\/wp\/v2\/users\/1"}],"replies":[{"embeddable":true,"href":"https:\/\/kittenberger.immigrationlaw.at\/en\/wp-json\/wp\/v2\/comments?post=19272"}],"version-history":[{"count":1,"href":"https:\/\/kittenberger.immigrationlaw.at\/en\/wp-json\/wp\/v2\/pages\/19272\/revisions"}],"predecessor-version":[{"id":19273,"href":"https:\/\/kittenberger.immigrationlaw.at\/en\/wp-json\/wp\/v2\/pages\/19272\/revisions\/19273"}],"wp:attachment":[{"href":"https:\/\/kittenberger.immigrationlaw.at\/en\/wp-json\/wp\/v2\/media?parent=19272"}],"curies":[{"name":"wp","href":"https:\/\/api.w.org\/{rel}","templated":true}]}}